{"id":17806,"date":"2021-09-16T12:17:02","date_gmt":"2021-09-16T10:17:02","guid":{"rendered":"https:\/\/merytronic.gorlan.com\/area-de-descargas\/"},"modified":"2026-02-11T12:58:42","modified_gmt":"2026-02-11T10:58:42","slug":"area-de-descargas","status":"publish","type":"page","link":"https:\/\/merytronic.gorlan.com\/fr\/area-de-descargas\/","title":{"rendered":"T\u00e9l\u00e9chargements"},"content":{"rendered":"","protected":false},"excerpt":{"rendered":"","protected":false},"author":5,"featured_media":0,"parent":0,"menu_order":0,"comment_status":"closed","ping_status":"closed","template":"","meta":{"_acf_changed":false,"footnotes":""},"acf":[],"yoast_head":"<!-- This site is optimized with the Yoast SEO Premium plugin v21.3 (Yoast SEO v22.5) - https:\/\/yoast.com\/wordpress\/plugins\/seo\/ -->\n<title>T\u00e9l\u00e9chargements | Merytronic<\/title>\n<meta name=\"description\" content=\"T\u00e9l\u00e9chargements Merytronic\" \/>\n<meta name=\"robots\" content=\"index, follow, max-snippet:-1, max-image-preview:large, max-video-preview:-1\" \/>\n<link rel=\"canonical\" href=\"https:\/\/merytronic.gorlan.com\/fr\/area-de-descargas\/\" \/>\n<meta property=\"og:locale\" content=\"fr_FR\" \/>\n<meta property=\"og:type\" content=\"article\" \/>\n<meta property=\"og:title\" content=\"T\u00e9l\u00e9chargements\" \/>\n<meta property=\"og:description\" content=\"T\u00e9l\u00e9chargements Merytronic\" \/>\n<meta property=\"og:url\" content=\"https:\/\/merytronic.gorlan.com\/fr\/area-de-descargas\/\" \/>\n<meta property=\"og:site_name\" content=\"Merytronic\" \/>\n<meta property=\"article:modified_time\" content=\"2026-02-11T10:58:42+00:00\" \/>\n<meta name=\"twitter:card\" content=\"summary_large_image\" \/>\n<meta name=\"twitter:label1\" content=\"Dur\u00e9e de lecture estim\u00e9e\" \/>\n\t<meta name=\"twitter:data1\" content=\"1 minute\" \/>\n<!-- \/ Yoast SEO Premium plugin. -->","yoast_head_json":{"title":"T\u00e9l\u00e9chargements | Merytronic","description":"T\u00e9l\u00e9chargements Merytronic","robots":{"index":"index","follow":"follow","max-snippet":"max-snippet:-1","max-image-preview":"max-image-preview:large","max-video-preview":"max-video-preview:-1"},"canonical":"https:\/\/merytronic.gorlan.com\/fr\/area-de-descargas\/","og_locale":"fr_FR","og_type":"article","og_title":"T\u00e9l\u00e9chargements","og_description":"T\u00e9l\u00e9chargements Merytronic","og_url":"https:\/\/merytronic.gorlan.com\/fr\/area-de-descargas\/","og_site_name":"Merytronic","article_modified_time":"2026-02-11T10:58:42+00:00","twitter_card":"summary_large_image","twitter_misc":{"Dur\u00e9e de lecture estim\u00e9e":"1 minute"},"schema":{"@context":"https:\/\/schema.org","@graph":[{"@type":"WebPage","@id":"https:\/\/merytronic.gorlan.com\/fr\/area-de-descargas\/","url":"https:\/\/merytronic.gorlan.com\/fr\/area-de-descargas\/","name":"T\u00e9l\u00e9chargements | Merytronic","isPartOf":{"@id":"https:\/\/merytronic.gorlan.com\/#website"},"datePublished":"2021-09-16T10:17:02+00:00","dateModified":"2026-02-11T10:58:42+00:00","description":"T\u00e9l\u00e9chargements Merytronic","inLanguage":"fr-FR","potentialAction":[{"@type":"ReadAction","target":["https:\/\/merytronic.gorlan.com\/fr\/area-de-descargas\/"]}]},{"@type":"WebSite","@id":"https:\/\/merytronic.gorlan.com\/#website","url":"https:\/\/merytronic.gorlan.com\/","name":"Merytronic","description":"Mapeado de redes el\u00e9ctricas de distribuci\u00f3n","publisher":{"@id":"https:\/\/merytronic.gorlan.com\/#organization"},"potentialAction":[{"@type":"SearchAction","target":{"@type":"EntryPoint","urlTemplate":"https:\/\/merytronic.gorlan.com\/?s={search_term_string}"},"query-input":"required name=search_term_string"}],"inLanguage":"fr-FR"},{"@type":"Organization","@id":"https:\/\/merytronic.gorlan.com\/#organization","name":"Merytronic","url":"https:\/\/merytronic.gorlan.com\/","logo":{"@type":"ImageObject","inLanguage":"fr-FR","@id":"https:\/\/merytronic.gorlan.com\/#\/schema\/logo\/image\/","url":"https:\/\/merytronic.gorlan.com\/wp-content\/uploads\/2022\/02\/resultado_defecto_merytronic.jpg","contentUrl":"https:\/\/merytronic.gorlan.com\/wp-content\/uploads\/2022\/02\/resultado_defecto_merytronic.jpg","width":944,"height":629,"caption":"Merytronic"},"image":{"@id":"https:\/\/merytronic.gorlan.com\/#\/schema\/logo\/image\/"}}]}},"_links":{"self":[{"href":"https:\/\/merytronic.gorlan.com\/fr\/wp-json\/wp\/v2\/pages\/17806"}],"collection":[{"href":"https:\/\/merytronic.gorlan.com\/fr\/wp-json\/wp\/v2\/pages"}],"about":[{"href":"https:\/\/merytronic.gorlan.com\/fr\/wp-json\/wp\/v2\/types\/page"}],"author":[{"embeddable":true,"href":"https:\/\/merytronic.gorlan.com\/fr\/wp-json\/wp\/v2\/users\/5"}],"replies":[{"embeddable":true,"href":"https:\/\/merytronic.gorlan.com\/fr\/wp-json\/wp\/v2\/comments?post=17806"}],"version-history":[{"count":16,"href":"https:\/\/merytronic.gorlan.com\/fr\/wp-json\/wp\/v2\/pages\/17806\/revisions"}],"predecessor-version":[{"id":20135,"href":"https:\/\/merytronic.gorlan.com\/fr\/wp-json\/wp\/v2\/pages\/17806\/revisions\/20135"}],"wp:attachment":[{"href":"https:\/\/merytronic.gorlan.com\/fr\/wp-json\/wp\/v2\/media?parent=17806"}],"curies":[{"name":"wp","href":"https:\/\/api.w.org\/{rel}","templated":true}]}}