{"id":7599,"date":"2023-03-24T14:10:49","date_gmt":"2023-03-24T12:10:49","guid":{"rendered":"https:\/\/merytronic.gorlan.com\/productos-merytronic\/"},"modified":"2026-02-24T14:47:56","modified_gmt":"2026-02-24T12:47:56","slug":"produits","status":"publish","type":"page","link":"https:\/\/merytronic.gorlan.com\/fr\/produits\/","title":{"rendered":"Produits"},"content":{"rendered":"","protected":false},"excerpt":{"rendered":"","protected":false},"author":4,"featured_media":0,"parent":0,"menu_order":0,"comment_status":"closed","ping_status":"closed","template":"","meta":{"_acf_changed":false,"footnotes":""},"acf":[],"yoast_head":"<!-- This site is optimized with the Yoast SEO Premium plugin v21.3 (Yoast SEO v22.5) - https:\/\/yoast.com\/wordpress\/plugins\/seo\/ -->\n<title>Produits | Merytronic<\/title>\n<meta name=\"description\" content=\"D\u00e9couvrez les produits de Merytronic. Des solutions pour la maintenance, la surveillance et la num\u00e9risation des r\u00e9seaux \u00e9lectriques.\" \/>\n<meta name=\"robots\" content=\"index, follow, max-snippet:-1, max-image-preview:large, max-video-preview:-1\" \/>\n<link rel=\"canonical\" href=\"https:\/\/merytronic.gorlan.com\/fr\/produits\/\" \/>\n<meta property=\"og:locale\" content=\"fr_FR\" \/>\n<meta property=\"og:type\" content=\"article\" \/>\n<meta property=\"og:title\" content=\"Produits\" \/>\n<meta property=\"og:description\" content=\"D\u00e9couvrez les produits de Merytronic. Des solutions pour la maintenance, la surveillance et la num\u00e9risation des r\u00e9seaux \u00e9lectriques.\" \/>\n<meta property=\"og:url\" content=\"https:\/\/merytronic.gorlan.com\/fr\/produits\/\" \/>\n<meta property=\"og:site_name\" content=\"Merytronic\" \/>\n<meta property=\"article:modified_time\" content=\"2026-02-24T12:47:56+00:00\" \/>\n<meta name=\"twitter:card\" content=\"summary_large_image\" \/>\n<meta name=\"twitter:label1\" content=\"Dur\u00e9e de lecture estim\u00e9e\" \/>\n\t<meta name=\"twitter:data1\" content=\"2 minutes\" \/>\n<!-- \/ Yoast SEO Premium plugin. -->","yoast_head_json":{"title":"Produits | Merytronic","description":"D\u00e9couvrez les produits de Merytronic. Des solutions pour la maintenance, la surveillance et la num\u00e9risation des r\u00e9seaux \u00e9lectriques.","robots":{"index":"index","follow":"follow","max-snippet":"max-snippet:-1","max-image-preview":"max-image-preview:large","max-video-preview":"max-video-preview:-1"},"canonical":"https:\/\/merytronic.gorlan.com\/fr\/produits\/","og_locale":"fr_FR","og_type":"article","og_title":"Produits","og_description":"D\u00e9couvrez les produits de Merytronic. Des solutions pour la maintenance, la surveillance et la num\u00e9risation des r\u00e9seaux \u00e9lectriques.","og_url":"https:\/\/merytronic.gorlan.com\/fr\/produits\/","og_site_name":"Merytronic","article_modified_time":"2026-02-24T12:47:56+00:00","twitter_card":"summary_large_image","twitter_misc":{"Dur\u00e9e de lecture estim\u00e9e":"2 minutes"},"schema":{"@context":"https:\/\/schema.org","@graph":[{"@type":"WebPage","@id":"https:\/\/merytronic.gorlan.com\/fr\/produits\/","url":"https:\/\/merytronic.gorlan.com\/fr\/produits\/","name":"Produits | Merytronic","isPartOf":{"@id":"https:\/\/merytronic.gorlan.com\/#website"},"datePublished":"2023-03-24T12:10:49+00:00","dateModified":"2026-02-24T12:47:56+00:00","description":"D\u00e9couvrez les produits de Merytronic. Des solutions pour la maintenance, la surveillance et la num\u00e9risation des r\u00e9seaux \u00e9lectriques.","inLanguage":"fr-FR","potentialAction":[{"@type":"ReadAction","target":["https:\/\/merytronic.gorlan.com\/fr\/produits\/"]}]},{"@type":"WebSite","@id":"https:\/\/merytronic.gorlan.com\/#website","url":"https:\/\/merytronic.gorlan.com\/","name":"Merytronic","description":"Mapeado de redes el\u00e9ctricas de distribuci\u00f3n","publisher":{"@id":"https:\/\/merytronic.gorlan.com\/#organization"},"potentialAction":[{"@type":"SearchAction","target":{"@type":"EntryPoint","urlTemplate":"https:\/\/merytronic.gorlan.com\/?s={search_term_string}"},"query-input":"required name=search_term_string"}],"inLanguage":"fr-FR"},{"@type":"Organization","@id":"https:\/\/merytronic.gorlan.com\/#organization","name":"Merytronic","url":"https:\/\/merytronic.gorlan.com\/","logo":{"@type":"ImageObject","inLanguage":"fr-FR","@id":"https:\/\/merytronic.gorlan.com\/#\/schema\/logo\/image\/","url":"https:\/\/merytronic.gorlan.com\/wp-content\/uploads\/2022\/02\/resultado_defecto_merytronic.jpg","contentUrl":"https:\/\/merytronic.gorlan.com\/wp-content\/uploads\/2022\/02\/resultado_defecto_merytronic.jpg","width":944,"height":629,"caption":"Merytronic"},"image":{"@id":"https:\/\/merytronic.gorlan.com\/#\/schema\/logo\/image\/"}}]}},"_links":{"self":[{"href":"https:\/\/merytronic.gorlan.com\/fr\/wp-json\/wp\/v2\/pages\/7599"}],"collection":[{"href":"https:\/\/merytronic.gorlan.com\/fr\/wp-json\/wp\/v2\/pages"}],"about":[{"href":"https:\/\/merytronic.gorlan.com\/fr\/wp-json\/wp\/v2\/types\/page"}],"author":[{"embeddable":true,"href":"https:\/\/merytronic.gorlan.com\/fr\/wp-json\/wp\/v2\/users\/4"}],"replies":[{"embeddable":true,"href":"https:\/\/merytronic.gorlan.com\/fr\/wp-json\/wp\/v2\/comments?post=7599"}],"version-history":[{"count":24,"href":"https:\/\/merytronic.gorlan.com\/fr\/wp-json\/wp\/v2\/pages\/7599\/revisions"}],"predecessor-version":[{"id":20159,"href":"https:\/\/merytronic.gorlan.com\/fr\/wp-json\/wp\/v2\/pages\/7599\/revisions\/20159"}],"wp:attachment":[{"href":"https:\/\/merytronic.gorlan.com\/fr\/wp-json\/wp\/v2\/media?parent=7599"}],"curies":[{"name":"wp","href":"https:\/\/api.w.org\/{rel}","templated":true}]}}